{"id":35,"date":"2014-03-08T10:37:44","date_gmt":"2014-03-08T08:37:44","guid":{"rendered":"http:\/\/muerb-gmbh.de\/site\/malerbetrieb\/?page_id=35"},"modified":"2019-01-27T11:15:41","modified_gmt":"2019-01-27T09:15:41","slug":"home","status":"publish","type":"page","link":"https:\/\/muerb-gmbh.de\/site\/malerbetrieb\/","title":{"rendered":"Home"},"content":{"rendered":"<div class=\"wpb-content-wrapper\"><p>[vc_row css=&#8220;.vc_custom_1548580406784{margin-bottom: 0px !important;}&#8220;][vc_column][vc_column_text]Nie waren\u00a0<strong>Qualit\u00e4t<\/strong>, <strong>Sauberkeit<\/strong> und <strong>Zuverl\u00e4ssigkeit<\/strong>\u00a0wichtiger als heute.\u00a0Diese Punkte sind auch f\u00fcr uns das Wichtigste bei unserem Schaffen f\u00fcr Sie.<\/p>\n<p>Sie sollen das\u00a0<b>optimalste Ergebnis<\/b>\u00a0erhalten, deswegen arbeiten wir mit\u00a0<b>hochwertigen Materialien<\/b>\u00a0der Firma STO, der gr\u00f6\u00dften Sorgfalt und der fortschrittlichsten Technik um Ihren W\u00fcnschen gerecht zu werden.<\/p>\n<p>Letztendlich steht am Schluss dieser\u00a0<b>Leistungen ein fairer Preis<\/b>, der die Freude am Renovieren komplett macht!<\/p>\n<p><img loading=\"lazy\" decoding=\"async\" class=\"size-full wp-image-106 alignleft\" src=\"http:\/\/muerb-gmbh.de\/site\/malerbetrieb\/wp-content\/uploads\/2014\/03\/signaturHell.png\" alt=\"signaturHell\" width=\"80\" height=\"60\" \/>[\/vc_column_text][\/vc_column][\/vc_row]<\/p><\/div>","protected":false},"excerpt":{"rendered":"<p>[vc_row css=&#8220;.vc_custom_1548580406784{margin-bottom: 0px !important;}&#8220;][vc_column][vc_column_text]Nie waren\u00a0Qualit\u00e4t, Sauberkeit und Zuverl\u00e4ssigkeit\u00a0wichtiger als heute.\u00a0Diese Punkte sind auch f\u00fcr uns das Wichtigste bei unserem Schaffen f\u00fcr Sie. Sie sollen das\u00a0optimalste Ergebnis\u00a0erhalten, deswegen arbeiten wir mit\u00a0hochwertigen Materialien\u00a0der Firma STO, der gr\u00f6\u00dften Sorgfalt und der fortschrittlichsten Technik um Ihren W\u00fcnschen gerecht zu werden. Letztendlich steht am Schluss dieser\u00a0Leistungen ein fairer Preis, der&hellip;<\/p>\n","protected":false},"author":1,"featured_media":0,"parent":0,"menu_order":0,"comment_status":"closed","ping_status":"closed","template":"","meta":{"footnotes":""},"class_list":["post-35","page","type-page","status-publish","hentry","description-off"],"_links":{"self":[{"href":"https:\/\/muerb-gmbh.de\/site\/malerbetrieb\/wp-json\/wp\/v2\/pages\/35","targetHints":{"allow":["GET"]}}],"collection":[{"href":"https:\/\/muerb-gmbh.de\/site\/malerbetrieb\/wp-json\/wp\/v2\/pages"}],"about":[{"href":"https:\/\/muerb-gmbh.de\/site\/malerbetrieb\/wp-json\/wp\/v2\/types\/page"}],"author":[{"embeddable":true,"href":"https:\/\/muerb-gmbh.de\/site\/malerbetrieb\/wp-json\/wp\/v2\/users\/1"}],"replies":[{"embeddable":true,"href":"https:\/\/muerb-gmbh.de\/site\/malerbetrieb\/wp-json\/wp\/v2\/comments?post=35"}],"version-history":[{"count":15,"href":"https:\/\/muerb-gmbh.de\/site\/malerbetrieb\/wp-json\/wp\/v2\/pages\/35\/revisions"}],"predecessor-version":[{"id":156,"href":"https:\/\/muerb-gmbh.de\/site\/malerbetrieb\/wp-json\/wp\/v2\/pages\/35\/revisions\/156"}],"wp:attachment":[{"href":"https:\/\/muerb-gmbh.de\/site\/malerbetrieb\/wp-json\/wp\/v2\/media?parent=35"}],"curies":[{"name":"wp","href":"https:\/\/api.w.org\/{rel}","templated":true}]}}