{"id":47,"date":"2014-03-08T14:02:31","date_gmt":"2014-03-08T12:02:31","guid":{"rendered":"http:\/\/muerb-gmbh.de\/site\/malerbetrieb\/?page_id=47"},"modified":"2019-01-27T12:13:19","modified_gmt":"2019-01-27T10:13:19","slug":"historie","status":"publish","type":"page","link":"https:\/\/muerb-gmbh.de\/site\/malerbetrieb\/historie","title":{"rendered":"Historie"},"content":{"rendered":"<div class=\"wpb-content-wrapper\"><p>[vc_row][vc_column width=&#8220;2\/3&#8243;][vc_column_text]<\/p>\n<h3>Unsere Firmengeschichte in Kurzform<\/h3>\n<div class=\"gap\" style=\"line-height: 10px; height: 10px;\"><\/div>\n<div>Die Firma Ger\u00fcstbau M\u00fcrb wurde 1965 von Manfred M\u00fcrb gegr\u00fcndet und bis einschlie\u00dflich 2005 gef\u00fchrt.<\/div>\n<div><div class=\"gap\" style=\"line-height: 20px; height: 20px;\"><\/div><\/div>\n<div>Bis Mitte der 80er-Jahre wurde ausschlie\u00dflich Leiterger\u00fcst aus Holz verwendet, ab dann stellte man auf Stahlrohrger\u00fcst um.<\/div>\n<div><div class=\"gap\" style=\"line-height: 20px; height: 20px;\"><\/div><\/div>\n<div>Ab Januar 2006 \u00fcbernahm Thomas M\u00fcrb den elterlichen Betrieb nachdem er im Jahr 2002 die Meisterpr\u00fcfung im Malerhandwerk erfolgreich abgelegt und im selben Jahr dann den Malerbetrieb gegr\u00fcndet hatte.<\/div>\n<div><div class=\"gap\" style=\"line-height: 20px; height: 20px;\"><\/div><\/div>\n<div>2007 erfolgte die Umwandlung in die GmbH.<\/div>\n<div><div class=\"gap\" style=\"line-height: 20px; height: 20px;\"><\/div><\/div>\n<div>Jahr f\u00fcr Jahr wurde in Ger\u00fcstmaterial und Fuhrpark investiert, momentan verf\u00fcgt der Betrieb \u00fcber ca. 45.000m\u00b2 Ger\u00fcstfl\u00e4che sowie einen Fuhrpark der 4 LKWs in verschiedenen Gr\u00f6\u00dfenordnungen umfasst.<\/div>\n<p>[\/vc_column_text][\/vc_column][vc_column width=&#8220;1\/3&#8243;]<style type=\"text\/css\" data-type=\"the7_shortcodes-inline-css\">.shortcode-single-image-wrap.shortcode-single-image-f1ef58db5d398f6500db08c9fa20fe0f.enable-bg-rollover .rollover i,\n.shortcode-single-image-wrap.shortcode-single-image-f1ef58db5d398f6500db08c9fa20fe0f.enable-bg-rollover .rollover-video i {\n  background: -webkit-linear-gradient();\n  background: linear-gradient();\n}\n.shortcode-single-image-wrap.shortcode-single-image-f1ef58db5d398f6500db08c9fa20fe0f .rollover-icon {\n  font-size: 32px;\n  color: #ffffff;\n  min-width: 44px;\n  min-height: 44px;\n  line-height: 44px;\n  border-radius: 100px;\n  border-style: solid;\n  border-width: 0px;\n}\n.dt-icon-bg-on.shortcode-single-image-wrap.shortcode-single-image-f1ef58db5d398f6500db08c9fa20fe0f .rollover-icon {\n  background: rgba(255,255,255,0.3);\n  box-shadow: none;\n}\n<\/style><div class=\"shortcode-single-image-wrap shortcode-single-image-f1ef58db5d398f6500db08c9fa20fe0f alignnone  enable-bg-rollover dt-icon-bg-off\" style=\"margin-top:0px; margin-bottom:0px; margin-left:0px; margin-right:0px; width:300px;\"><div class=\"shortcode-single-image\"><div class=\"fancy-media-wrap  layzr-bg\" style=\"\"><img fetchpriority=\"high\" decoding=\"async\" class=\"preload-me lazy-load aspect\" src=\"data:image\/svg+xml,%3Csvg%20xmlns%3D&#39;http%3A%2F%2Fwww.w3.org%2F2000%2Fsvg&#39;%20viewBox%3D&#39;0%200%20300%20304&#39;%2F%3E\" data-src=\"https:\/\/muerb-gmbh.de\/site\/malerbetrieb\/wp-content\/uploads\/2014\/03\/fuhrpark-300x304.jpg\" data-srcset=\"https:\/\/muerb-gmbh.de\/site\/malerbetrieb\/wp-content\/uploads\/2014\/03\/fuhrpark-300x304.jpg 300w, https:\/\/muerb-gmbh.de\/site\/malerbetrieb\/wp-content\/uploads\/2014\/03\/fuhrpark-600x608.jpg 600w\" loading=\"eager\" sizes=\"(max-width: 300px) 100vw, 300px\" width=\"300\" height=\"304\"  data-dt-location=\"https:\/\/muerb-gmbh.de\/site\/malerbetrieb\/historie\/attachment\/fuhrpark\" style=\"--ratio: 300 \/ 304;\" alt=\"\" \/><\/div><\/div><\/div>[\/vc_column][\/vc_row]<\/p><\/div>","protected":false},"excerpt":{"rendered":"<p>[vc_row][vc_column width=&#8220;2\/3&#8243;][vc_column_text] Unsere Firmengeschichte in Kurzform Die Firma Ger\u00fcstbau M\u00fcrb wurde 1965 von Manfred M\u00fcrb gegr\u00fcndet und bis einschlie\u00dflich 2005 gef\u00fchrt. Bis Mitte der 80er-Jahre wurde ausschlie\u00dflich Leiterger\u00fcst aus Holz verwendet, ab dann stellte man auf Stahlrohrger\u00fcst um. Ab Januar 2006 \u00fcbernahm Thomas M\u00fcrb den elterlichen Betrieb nachdem er im Jahr 2002 die Meisterpr\u00fcfung im&hellip;<\/p>\n","protected":false},"author":1,"featured_media":0,"parent":0,"menu_order":0,"comment_status":"closed","ping_status":"closed","template":"","meta":{"footnotes":""},"class_list":["post-47","page","type-page","status-publish","hentry","description-off"],"_links":{"self":[{"href":"https:\/\/muerb-gmbh.de\/site\/malerbetrieb\/wp-json\/wp\/v2\/pages\/47","targetHints":{"allow":["GET"]}}],"collection":[{"href":"https:\/\/muerb-gmbh.de\/site\/malerbetrieb\/wp-json\/wp\/v2\/pages"}],"about":[{"href":"https:\/\/muerb-gmbh.de\/site\/malerbetrieb\/wp-json\/wp\/v2\/types\/page"}],"author":[{"embeddable":true,"href":"https:\/\/muerb-gmbh.de\/site\/malerbetrieb\/wp-json\/wp\/v2\/users\/1"}],"replies":[{"embeddable":true,"href":"https:\/\/muerb-gmbh.de\/site\/malerbetrieb\/wp-json\/wp\/v2\/comments?post=47"}],"version-history":[{"count":11,"href":"https:\/\/muerb-gmbh.de\/site\/malerbetrieb\/wp-json\/wp\/v2\/pages\/47\/revisions"}],"predecessor-version":[{"id":131,"href":"https:\/\/muerb-gmbh.de\/site\/malerbetrieb\/wp-json\/wp\/v2\/pages\/47\/revisions\/131"}],"wp:attachment":[{"href":"https:\/\/muerb-gmbh.de\/site\/malerbetrieb\/wp-json\/wp\/v2\/media?parent=47"}],"curies":[{"name":"wp","href":"https:\/\/api.w.org\/{rel}","templated":true}]}}